{"id":4326,"date":"2020-07-17T10:27:39","date_gmt":"2020-07-17T08:27:39","guid":{"rendered":"http:\/\/www.kp.sik.si\/?page_id=4326"},"modified":"2024-04-19T12:14:15","modified_gmt":"2024-04-19T10:14:15","slug":"iscriviti","status":"publish","type":"page","link":"https:\/\/www.kp.sik.si\/it\/iscriviti\/","title":{"rendered":"Iscriviti"},"content":{"rendered":"\t\t<div data-elementor-type=\"wp-page\" data-elementor-id=\"4326\" class=\"elementor elementor-4326 elementor-115\" data-elementor-post-type=\"page\">\n\t\t\t\t\t\t<section class=\"elementor-section elementor-top-section elementor-element elementor-element-cf84ede elementor-section-boxed elementor-section-height-default elementor-section-height-default\" data-id=\"cf84ede\" data-element_type=\"section\" data-e-type=\"section\">\n\t\t\t\t\t\t<div class=\"elementor-container elementor-column-gap-default\">\n\t\t\t\t\t<div class=\"elementor-column elementor-col-100 elementor-top-column elementor-element elementor-element-5b71776\" data-id=\"5b71776\" data-element_type=\"column\" data-e-type=\"column\">\n\t\t\t<div class=\"elementor-widget-wrap elementor-element-populated\">\n\t\t\t\t\t\t<div class=\"elementor-element elementor-element-0a64c53 elementor-widget elementor-widget-image\" data-id=\"0a64c53\" data-element_type=\"widget\" data-e-type=\"widget\" data-widget_type=\"image.default\">\n\t\t\t\t<div class=\"elementor-widget-container\">\n\t\t\t\t\t\t\t\t\t\t\t\t\t\t\t<img fetchpriority=\"high\" decoding=\"async\" width=\"4724\" height=\"807\" src=\"https:\/\/www.kp.sik.si\/wp-content\/uploads\/2020\/04\/INFOGRAFIKA_04.png\" class=\"attachment-full size-full wp-image-989\" alt=\"\" srcset=\"https:\/\/www.kp.sik.si\/wp-content\/uploads\/2020\/04\/INFOGRAFIKA_04.png 4724w, https:\/\/www.kp.sik.si\/wp-content\/uploads\/2020\/04\/INFOGRAFIKA_04-300x51.png 300w, https:\/\/www.kp.sik.si\/wp-content\/uploads\/2020\/04\/INFOGRAFIKA_04-1024x175.png 1024w, https:\/\/www.kp.sik.si\/wp-content\/uploads\/2020\/04\/INFOGRAFIKA_04-768x131.png 768w\" sizes=\"(max-width: 4724px) 100vw, 4724px\" \/>\t\t\t\t\t\t\t\t\t\t\t\t\t\t\t<\/div>\n\t\t\t\t<\/div>\n\t\t\t\t\t<\/div>\n\t\t<\/div>\n\t\t\t\t\t<\/div>\n\t\t<\/section>\n\t\t\t\t<section class=\"elementor-section elementor-top-section elementor-element elementor-element-094d4f2 elementor-section-boxed elementor-section-height-default elementor-section-height-default\" data-id=\"094d4f2\" data-element_type=\"section\" data-e-type=\"section\">\n\t\t\t\t\t\t<div class=\"elementor-container elementor-column-gap-default\">\n\t\t\t\t\t<div class=\"elementor-column elementor-col-100 elementor-top-column elementor-element elementor-element-4ca5857\" data-id=\"4ca5857\" data-element_type=\"column\" data-e-type=\"column\">\n\t\t\t<div class=\"elementor-widget-wrap elementor-element-populated\">\n\t\t\t\t\t\t<div class=\"elementor-element elementor-element-93028fa elementor-widget elementor-widget-text-editor\" data-id=\"93028fa\" data-element_type=\"widget\" data-e-type=\"widget\" data-widget_type=\"text-editor.default\">\n\t\t\t\t<div class=\"elementor-widget-container\">\n\t\t\t\t\t\t\t\t\t<p><span style=\"font-family: 'times new roman', times, serif; font-size: 14pt;\">Nella Biblioteca di Capodistria puoi gratuitamente visitare agli eventi,\u00a0 leggere libri, giornali e riviste, utilizzare computer e Internet.<\/span><\/p><p><span style=\"font-family: 'times new roman', times, serif; font-size: 14pt;\">Se desideri prendere in prestito libri, riviste, giocattoli o altro materiale della biblioteca o utilizzare i database elettronici online, devi diventare membro della biblioteca. Registrandoti, ti impegni ad agire in conformit\u00e0 con il <strong><a href=\"https:\/\/www.kp.sik.si\/wp-content\/uploads\/2020\/08\/REGOLAMENTO-SULLE-CONDIZIONI-GENERALI-2020-ITA.pdf\" target=\"_blank\" rel=\"noopener\">Regolamento sui servizi della biblioteca <\/a><\/strong>. Questa politica protegge i tuoi interessi e consente alla biblioteca di fornire servizi in modo\u00a0 efficace e qualitativo.<\/span><\/p><p><span style=\"font-family: 'times new roman', times, serif; font-size: 14pt;\">Quando ti iscrivi in biblioteca devi compilare e firmare il modulo di iscrizione e mostrare un documento di identit\u00e0. I bambini fino a 15 anni necessitano dell&#8217;aiuto dei genitori o tutori, che compilano il modulo di domanda di iscrizione. Puoi anche registrarti <a href=\"https:\/\/plus.cobiss.net\/cobiss\/si\/en\/rsu\/sikkp\/form\" target=\"_blank\" rel=\"noopener\">online<\/a>.<\/span><\/p><p><span style=\"font-size: 14pt; font-family: 'times new roman', times, serif;\">L&#8217;importo del canone \u00e8 stabilito\u00a0 nel\u00a0 <a href=\"\/it\/listino-prezzi\/\">listino prezzi<\/a><strong>.<\/strong><\/span><\/p><p><span style=\"font-family: 'times new roman', times, serif; font-size: 14pt;\">A norma di legge, i giovani fino al compimento dei 18 anni e i disoccupati sono esonerati dal pagamento della quota associativa se egli presenta un documento ufficiale. L&#8217;esenzione o la riduzione della quota associativa pu\u00f2 essere richiesta anche da altri membri specificati nell Regolamento sui servizi della biblioteca.<\/span><\/p><p><span style=\"font-family: 'times new roman', times, serif; font-size: 14pt;\">Il canone annuo vale dodici mesi, dopodich\u00e9 ti verr\u00e0 inviata una e-mail per il prolungamento. La tessera che ottieni iscrivendoti non \u00e8 trasferibile e ti accompagner\u00e0 regolarmente in biblioteca. Con un buono regalo puoi\u00a0 regalare ai tui amici un canone annuo alla nostra biblioteca.<\/span><\/p>\t\t\t\t\t\t\t\t<\/div>\n\t\t\t\t<\/div>\n\t\t\t\t\t<\/div>\n\t\t<\/div>\n\t\t\t\t\t<\/div>\n\t\t<\/section>\n\t\t\t\t<\/div>\n\t\t","protected":false},"excerpt":{"rendered":"<p>Nella Biblioteca di Capodistria puoi gratuitamente visitare agli eventi,\u00a0 leggere libri, giornali e riviste, utilizzare computer e Internet. Se desideri prendere in prestito libri, riviste, giocattoli o altro materiale della [&hellip;]<\/p>\n","protected":false},"author":4,"featured_media":0,"parent":0,"menu_order":0,"comment_status":"closed","ping_status":"closed","template":"","meta":{"_acf_changed":false,"footnotes":""},"class_list":["post-4326","page","type-page","status-publish","hentry"],"acf":[],"_links":{"self":[{"href":"https:\/\/www.kp.sik.si\/it\/wp-json\/wp\/v2\/pages\/4326","targetHints":{"allow":["GET"]}}],"collection":[{"href":"https:\/\/www.kp.sik.si\/it\/wp-json\/wp\/v2\/pages"}],"about":[{"href":"https:\/\/www.kp.sik.si\/it\/wp-json\/wp\/v2\/types\/page"}],"author":[{"embeddable":true,"href":"https:\/\/www.kp.sik.si\/it\/wp-json\/wp\/v2\/users\/4"}],"replies":[{"embeddable":true,"href":"https:\/\/www.kp.sik.si\/it\/wp-json\/wp\/v2\/comments?post=4326"}],"version-history":[{"count":17,"href":"https:\/\/www.kp.sik.si\/it\/wp-json\/wp\/v2\/pages\/4326\/revisions"}],"predecessor-version":[{"id":21867,"href":"https:\/\/www.kp.sik.si\/it\/wp-json\/wp\/v2\/pages\/4326\/revisions\/21867"}],"wp:attachment":[{"href":"https:\/\/www.kp.sik.si\/it\/wp-json\/wp\/v2\/media?parent=4326"}],"curies":[{"name":"wp","href":"https:\/\/api.w.org\/{rel}","templated":true}]}}