{"id":4328,"date":"2020-07-17T10:28:04","date_gmt":"2020-07-17T08:28:04","guid":{"rendered":"http:\/\/www.kp.sik.si\/?page_id=4328"},"modified":"2020-08-17T11:01:45","modified_gmt":"2020-08-17T09:01:45","slug":"il-dado-magico","status":"publish","type":"page","link":"https:\/\/www.kp.sik.si\/it\/il-dado-magico\/","title":{"rendered":"Il dado magico"},"content":{"rendered":"\t\t<div data-elementor-type=\"wp-page\" data-elementor-id=\"4328\" class=\"elementor elementor-4328 elementor-3879\" data-elementor-post-type=\"page\">\n\t\t\t\t\t\t<section class=\"elementor-section elementor-top-section elementor-element elementor-element-41d615b elementor-section-boxed elementor-section-height-default elementor-section-height-default\" data-id=\"41d615b\" data-element_type=\"section\" data-e-type=\"section\">\n\t\t\t\t\t\t<div class=\"elementor-container elementor-column-gap-default\">\n\t\t\t\t\t<div class=\"elementor-column elementor-col-100 elementor-top-column elementor-element elementor-element-e75e75b\" data-id=\"e75e75b\" data-element_type=\"column\" data-e-type=\"column\">\n\t\t\t<div class=\"elementor-widget-wrap elementor-element-populated\">\n\t\t\t\t\t\t<div class=\"elementor-element elementor-element-04468d4 elementor-widget elementor-widget-text-editor\" data-id=\"04468d4\" data-element_type=\"widget\" data-e-type=\"widget\" data-widget_type=\"text-editor.default\">\n\t\t\t\t<div class=\"elementor-widget-container\">\n\t\t\t\t\t\t\t\t\t<p><span style=\"font-family: 'times new roman', times, serif; font-size: 14pt;\">Riuscirete a fare uso di tutte e nove le immagini per creare una storia? Il dado magico \u00e8 un generatore di storie portatile che stimola l&#8217;immaginazione ed \u00e8 adatto a tutte le et\u00e0. Lanciate i dadi e una volta visti i risultati, dovrete iniziare a narrare una storia! Ne sarete all&#8217;altezza?<\/span><\/p><p><span style=\"font-family: 'times new roman', times, serif; font-size: 14pt;\">il dado magico \u00e8 un rivoluzionario metodo per stimolare la fantasia e le creativit\u00e0 sia dei grandi che dei piccoli.<\/span><\/p>\t\t\t\t\t\t\t\t<\/div>\n\t\t\t\t<\/div>\n\t\t\t\t\t<\/div>\n\t\t<\/div>\n\t\t\t\t\t<\/div>\n\t\t<\/section>\n\t\t\t\t<section class=\"elementor-section elementor-top-section elementor-element elementor-element-a0fb9d4 elementor-section-boxed elementor-section-height-default elementor-section-height-default\" data-id=\"a0fb9d4\" data-element_type=\"section\" data-e-type=\"section\">\n\t\t\t\t\t\t<div class=\"elementor-container elementor-column-gap-default\">\n\t\t\t\t\t<div class=\"elementor-column elementor-col-100 elementor-top-column elementor-element elementor-element-1ee45bc\" data-id=\"1ee45bc\" data-element_type=\"column\" data-e-type=\"column\">\n\t\t\t<div class=\"elementor-widget-wrap elementor-element-populated\">\n\t\t\t\t\t\t<div class=\"elementor-element elementor-element-26f1473 elementor-widget elementor-widget-image\" data-id=\"26f1473\" data-element_type=\"widget\" data-e-type=\"widget\" data-widget_type=\"image.default\">\n\t\t\t\t<div class=\"elementor-widget-container\">\n\t\t\t\t\t\t\t\t\t\t\t\t\t\t\t<img fetchpriority=\"high\" decoding=\"async\" width=\"730\" height=\"486\" src=\"https:\/\/www.kp.sik.si\/wp-content\/uploads\/2020\/07\/kocke-2-768x511.jpg\" class=\"attachment-medium_large size-medium_large wp-image-3434\" alt=\"\" srcset=\"https:\/\/www.kp.sik.si\/wp-content\/uploads\/2020\/07\/kocke-2-768x511.jpg 768w, https:\/\/www.kp.sik.si\/wp-content\/uploads\/2020\/07\/kocke-2-300x200.jpg 300w, https:\/\/www.kp.sik.si\/wp-content\/uploads\/2020\/07\/kocke-2-1024x681.jpg 1024w, https:\/\/www.kp.sik.si\/wp-content\/uploads\/2020\/07\/kocke-2-1536x1022.jpg 1536w, https:\/\/www.kp.sik.si\/wp-content\/uploads\/2020\/07\/kocke-2-2048x1363.jpg 2048w, https:\/\/www.kp.sik.si\/wp-content\/uploads\/2020\/07\/kocke-2-600x400.jpg 600w, https:\/\/www.kp.sik.si\/wp-content\/uploads\/2020\/07\/kocke-2-830x552.jpg 830w, https:\/\/www.kp.sik.si\/wp-content\/uploads\/2020\/07\/kocke-2-940x625.jpg 940w\" sizes=\"(max-width: 730px) 100vw, 730px\" \/>\t\t\t\t\t\t\t\t\t\t\t\t\t\t\t<\/div>\n\t\t\t\t<\/div>\n\t\t\t\t\t<\/div>\n\t\t<\/div>\n\t\t\t\t\t<\/div>\n\t\t<\/section>\n\t\t\t\t<\/div>\n\t\t","protected":false},"excerpt":{"rendered":"<p>Riuscirete a fare uso di tutte e nove le immagini per creare una storia? Il dado magico \u00e8 un generatore di storie portatile che stimola l&#8217;immaginazione ed \u00e8 adatto a [&hellip;]<\/p>\n","protected":false},"author":4,"featured_media":0,"parent":0,"menu_order":0,"comment_status":"closed","ping_status":"closed","template":"","meta":{"_acf_changed":false,"footnotes":""},"class_list":["post-4328","page","type-page","status-publish","hentry"],"acf":[],"_links":{"self":[{"href":"https:\/\/www.kp.sik.si\/it\/wp-json\/wp\/v2\/pages\/4328","targetHints":{"allow":["GET"]}}],"collection":[{"href":"https:\/\/www.kp.sik.si\/it\/wp-json\/wp\/v2\/pages"}],"about":[{"href":"https:\/\/www.kp.sik.si\/it\/wp-json\/wp\/v2\/types\/page"}],"author":[{"embeddable":true,"href":"https:\/\/www.kp.sik.si\/it\/wp-json\/wp\/v2\/users\/4"}],"replies":[{"embeddable":true,"href":"https:\/\/www.kp.sik.si\/it\/wp-json\/wp\/v2\/comments?post=4328"}],"version-history":[{"count":2,"href":"https:\/\/www.kp.sik.si\/it\/wp-json\/wp\/v2\/pages\/4328\/revisions"}],"predecessor-version":[{"id":4823,"href":"https:\/\/www.kp.sik.si\/it\/wp-json\/wp\/v2\/pages\/4328\/revisions\/4823"}],"wp:attachment":[{"href":"https:\/\/www.kp.sik.si\/it\/wp-json\/wp\/v2\/media?parent=4328"}],"curies":[{"name":"wp","href":"https:\/\/api.w.org\/{rel}","templated":true}]}}